{"id":4383,"date":"2021-04-27T11:22:51","date_gmt":"2021-04-27T09:22:51","guid":{"rendered":"https:\/\/buecher-waltraudberg.de\/shop2\/?post_type=product&#038;p=4383"},"modified":"2025-01-08T02:10:45","modified_gmt":"2025-01-08T01:10:45","slug":"geheimnis-der-heidestuben-ebook","status":"publish","type":"product","link":"https:\/\/buecher-waltraudberg.de\/shop2\/produkt\/geheimnis-der-heidestuben-ebook\/","title":{"rendered":"Geheimnis der Heidestuben &#8211; eBook"},"content":{"rendered":"","protected":false},"excerpt":{"rendered":"<p>Au\u00dfergew\u00f6hnlicher Moseltal-Krimi<br \/>\nDetlef macht mit seinem Hund bei einem Spaziergang in der N\u00e4he des Aussichtsplateaus mit Blick auf das sch\u00f6ne Moseltal eine grausige Entdeckung. Pfiffi verfolgt eine Wildschweinspur und kommt ganz stolz mit dem abgetrennten Arm einer Leiche zur\u00fcck. Beim Freundschaftsbesuch der Ju-Jutsusportler in Frankreich wird eine Verk\u00e4uferin des Supermarktes ermordet aufgefunden. Die franz\u00f6sischen Sportler kommen zu einem Freundschaftskampf nach Deutschland und ihre Sportkameradin Monique wird nach einem gemeinsamen Besuch des Altstadtfestes in Trier vermisst. In der N\u00e4he des Aussichtsplateaus verungl\u00fcckt ein Kind beim Spielen auf dem Felsen t\u00f6dlich. Bei der Bergung findet man nicht nur die Kinderleiche. Mehrere geheimnisvolle Morde halten das Moseltal in Atem. Gibt es Zusammenh\u00e4nge?<\/p>\n","protected":false},"featured_media":4384,"template":"","meta":[],"product_brand":[],"product_cat":[116],"product_tag":[],"class_list":{"0":"post-4383","1":"product","2":"type-product","3":"status-publish","4":"has-post-thumbnail","6":"product_cat-ebooks","8":"first","9":"instock","10":"downloadable","11":"shipping-taxable","12":"purchasable","13":"product-type-simple"},"_links":{"self":[{"href":"https:\/\/buecher-waltraudberg.de\/shop2\/wp-json\/wp\/v2\/product\/4383","targetHints":{"allow":["GET"]}}],"collection":[{"href":"https:\/\/buecher-waltraudberg.de\/shop2\/wp-json\/wp\/v2\/product"}],"about":[{"href":"https:\/\/buecher-waltraudberg.de\/shop2\/wp-json\/wp\/v2\/types\/product"}],"wp:featuredmedia":[{"embeddable":true,"href":"https:\/\/buecher-waltraudberg.de\/shop2\/wp-json\/wp\/v2\/media\/4384"}],"wp:attachment":[{"href":"https:\/\/buecher-waltraudberg.de\/shop2\/wp-json\/wp\/v2\/media?parent=4383"}],"wp:term":[{"taxonomy":"product_brand","embeddable":true,"href":"https:\/\/buecher-waltraudberg.de\/shop2\/wp-json\/wp\/v2\/product_brand?post=4383"},{"taxonomy":"product_cat","embeddable":true,"href":"https:\/\/buecher-waltraudberg.de\/shop2\/wp-json\/wp\/v2\/product_cat?post=4383"},{"taxonomy":"product_tag","embeddable":true,"href":"https:\/\/buecher-waltraudberg.de\/shop2\/wp-json\/wp\/v2\/product_tag?post=4383"}],"curies":[{"name":"wp","href":"https:\/\/api.w.org\/{rel}","templated":true}]}}