{"id":4421,"date":"2021-05-20T18:31:09","date_gmt":"2021-05-20T16:31:09","guid":{"rendered":"https:\/\/buecher-waltraudberg.de\/shop2\/?post_type=product&#038;p=4421"},"modified":"2025-01-08T22:45:05","modified_gmt":"2025-01-08T21:45:05","slug":"die-mallorca-affaere-i-ii-ebook-paket","status":"publish","type":"product","link":"https:\/\/buecher-waltraudberg.de\/shop2\/produkt\/die-mallorca-affaere-i-ii-ebook-paket\/","title":{"rendered":"Die Mallorca-Aff\u00e4re Teil I + II &#8211; eBook Paket"},"content":{"rendered":"","protected":false},"excerpt":{"rendered":"<p>Romane<br \/>\nReduzierter Paketpreis<\/p>\n<p>Die Mallorca-Aff\u00e4re Teil I:<br \/>\nAylin reist nach ihrer Scheidung ohne ihren neuen Freund Gregory nach Mallorca, um sich in der traumhaft gelegenen Finka ihrer Freundin zu erholen und einen Tauchkurs zu absolvieren. Alles w\u00e4re perfekt, wenn nicht jemand ihr nach dem Leben trachten w\u00fcrde. Warum will man sie ermorden? Wer oder was steckt dahinter? Kann sie ihrer neuen Bekanntschaft Max trauen? Ein emotionaler Roman voller Spannung und mit ungew\u00f6hnlichem Ausgang.<\/p>\n<p>Die Mallorca-Aff\u00e4re Teil II:<br \/>\nNachdem Aylin sich endlich von Gregory getrennt hat, schaut sie voller Hoffung auf eine gemeinsame Zukunft mit Max. Aber ihr Gl\u00fcck muss warten &#8211; wird Max nach einem tragischen Autounfall jemals sein Ged\u00e4chtnis wiedererlangen? Sie beschlie\u00dfen, dass eine erneute Reise nach Mallorca ihm seine Erinnerungen wiederbringen k\u00f6nnte. Doch jemand scheint ihre Idylle zerst\u00f6ren zu wollen. Immer wieder werden sie von Brandanschl\u00e4gen verfolgt und Aylins Leben scheint erneut auf dem Spiel zu stehen. Ist sie an keinem Ort mehr sicher? W\u00e4hrend sogar die hohe See zum Tatort wird, k\u00e4mpfen Max und Aylin um ihre Beziehung, die inmitten aller Intrigen unterzugehen droht.<br \/>\nEine ebenso spannende, wie verbl\u00fcffende Fortsetzung des Romans<br \/>\n\u201eDie Mallorca Aff\u00e4re Teil I\u201c von Waltraud Berg.<\/p>\n","protected":false},"featured_media":4426,"template":"","meta":[],"product_brand":[],"product_cat":[116],"product_tag":[],"class_list":{"0":"post-4421","1":"product","2":"type-product","3":"status-publish","4":"has-post-thumbnail","6":"product_cat-ebooks","8":"first","9":"instock","10":"sale","11":"downloadable","12":"shipping-taxable","13":"purchasable","14":"product-type-simple"},"_links":{"self":[{"href":"https:\/\/buecher-waltraudberg.de\/shop2\/wp-json\/wp\/v2\/product\/4421","targetHints":{"allow":["GET"]}}],"collection":[{"href":"https:\/\/buecher-waltraudberg.de\/shop2\/wp-json\/wp\/v2\/product"}],"about":[{"href":"https:\/\/buecher-waltraudberg.de\/shop2\/wp-json\/wp\/v2\/types\/product"}],"wp:featuredmedia":[{"embeddable":true,"href":"https:\/\/buecher-waltraudberg.de\/shop2\/wp-json\/wp\/v2\/media\/4426"}],"wp:attachment":[{"href":"https:\/\/buecher-waltraudberg.de\/shop2\/wp-json\/wp\/v2\/media?parent=4421"}],"wp:term":[{"taxonomy":"product_brand","embeddable":true,"href":"https:\/\/buecher-waltraudberg.de\/shop2\/wp-json\/wp\/v2\/product_brand?post=4421"},{"taxonomy":"product_cat","embeddable":true,"href":"https:\/\/buecher-waltraudberg.de\/shop2\/wp-json\/wp\/v2\/product_cat?post=4421"},{"taxonomy":"product_tag","embeddable":true,"href":"https:\/\/buecher-waltraudberg.de\/shop2\/wp-json\/wp\/v2\/product_tag?post=4421"}],"curies":[{"name":"wp","href":"https:\/\/api.w.org\/{rel}","templated":true}]}}