{"id":4504,"date":"2023-07-20T00:57:26","date_gmt":"2023-07-19T22:57:26","guid":{"rendered":"https:\/\/buecher-waltraudberg.de\/shop2\/?post_type=product&#038;p=4504"},"modified":"2025-01-08T02:15:44","modified_gmt":"2025-01-08T01:15:44","slug":"liebe-oder-leidenschaft-hoerbuch-ohne-button","status":"publish","type":"product","link":"https:\/\/buecher-waltraudberg.de\/shop2\/produkt\/liebe-oder-leidenschaft-hoerbuch-ohne-button\/","title":{"rendered":"Liebe oder Leidenschaft &#8211; H\u00f6rbuch"},"content":{"rendered":"","protected":false},"excerpt":{"rendered":"<p>Roman<\/p>\n<p>Mara, verheiratet, Chefsekret\u00e4rin, Mutter von zwei Kindern, lebt mir Ihrer Famile im Stockholmer Sch\u00e4rengarten. Sie w\u00fcnscht sich spontan zum 50. Geburtstag von ihrem Kollegen, dem in der Firma der Ruf voraus geht ein Casanova zu sein, gek\u00fcsst zu werden. Das ganze Leben ver\u00e4ndert sich f\u00fcr sie ab diesem Zeitpunkt schlagartig. Sie erlebt Liebe und Gef\u00fchle, die sie bisher noch nie so empfunden hatte. Auf einer Radtour kommen sie sich bei einem Sturz mit dem Fahrrad n\u00e4her und lieben sich in der freien Natur. Aber das Sprichwort: \u201eEinmal Casanova, immer Casanova\u201c, bringt sie wieder in die Wirklichkeit des Lebens zur\u00fcck.<\/p>\n","protected":false},"featured_media":4485,"template":"","meta":[],"product_brand":[],"product_cat":[117],"product_tag":[119],"class_list":{"0":"post-4504","1":"product","2":"type-product","3":"status-publish","4":"has-post-thumbnail","6":"product_cat-hoerbuecher","7":"product_tag-ohnebutton","9":"first","10":"instock","11":"downloadable","12":"shipping-taxable","13":"purchasable","14":"product-type-simple"},"_links":{"self":[{"href":"https:\/\/buecher-waltraudberg.de\/shop2\/wp-json\/wp\/v2\/product\/4504","targetHints":{"allow":["GET"]}}],"collection":[{"href":"https:\/\/buecher-waltraudberg.de\/shop2\/wp-json\/wp\/v2\/product"}],"about":[{"href":"https:\/\/buecher-waltraudberg.de\/shop2\/wp-json\/wp\/v2\/types\/product"}],"wp:featuredmedia":[{"embeddable":true,"href":"https:\/\/buecher-waltraudberg.de\/shop2\/wp-json\/wp\/v2\/media\/4485"}],"wp:attachment":[{"href":"https:\/\/buecher-waltraudberg.de\/shop2\/wp-json\/wp\/v2\/media?parent=4504"}],"wp:term":[{"taxonomy":"product_brand","embeddable":true,"href":"https:\/\/buecher-waltraudberg.de\/shop2\/wp-json\/wp\/v2\/product_brand?post=4504"},{"taxonomy":"product_cat","embeddable":true,"href":"https:\/\/buecher-waltraudberg.de\/shop2\/wp-json\/wp\/v2\/product_cat?post=4504"},{"taxonomy":"product_tag","embeddable":true,"href":"https:\/\/buecher-waltraudberg.de\/shop2\/wp-json\/wp\/v2\/product_tag?post=4504"}],"curies":[{"name":"wp","href":"https:\/\/api.w.org\/{rel}","templated":true}]}}