{"id":4509,"date":"2023-07-20T01:25:56","date_gmt":"2023-07-19T23:25:56","guid":{"rendered":"https:\/\/buecher-waltraudberg.de\/shop2\/?post_type=product&#038;p=4509"},"modified":"2025-01-08T02:08:20","modified_gmt":"2025-01-08T01:08:20","slug":"die-freunde-vom-zirkus-papamanius-ebook","status":"publish","type":"product","link":"https:\/\/buecher-waltraudberg.de\/shop2\/produkt\/die-freunde-vom-zirkus-papamanius-ebook\/","title":{"rendered":"Die Freunde vom Zirkus Papamanius &#8211; eBook"},"content":{"rendered":"","protected":false},"excerpt":{"rendered":"<p>Spannendes Jugendbuch<\/p>\n<p>Drei Freunde werden in einer Unterf\u00fchrung Zeuge eines \u00dcberfalls. Sie beweisen Mut und Zivilcourage. Doch die Situation droht lebensgef\u00e4hrlich zu werden \u2026<\/p>\n","protected":false},"featured_media":4480,"template":"","meta":[],"product_brand":[],"product_cat":[116],"product_tag":[],"class_list":{"0":"post-4509","1":"product","2":"type-product","3":"status-publish","4":"has-post-thumbnail","6":"product_cat-ebooks","8":"first","9":"instock","10":"downloadable","11":"shipping-taxable","12":"purchasable","13":"product-type-simple"},"_links":{"self":[{"href":"https:\/\/buecher-waltraudberg.de\/shop2\/wp-json\/wp\/v2\/product\/4509","targetHints":{"allow":["GET"]}}],"collection":[{"href":"https:\/\/buecher-waltraudberg.de\/shop2\/wp-json\/wp\/v2\/product"}],"about":[{"href":"https:\/\/buecher-waltraudberg.de\/shop2\/wp-json\/wp\/v2\/types\/product"}],"wp:featuredmedia":[{"embeddable":true,"href":"https:\/\/buecher-waltraudberg.de\/shop2\/wp-json\/wp\/v2\/media\/4480"}],"wp:attachment":[{"href":"https:\/\/buecher-waltraudberg.de\/shop2\/wp-json\/wp\/v2\/media?parent=4509"}],"wp:term":[{"taxonomy":"product_brand","embeddable":true,"href":"https:\/\/buecher-waltraudberg.de\/shop2\/wp-json\/wp\/v2\/product_brand?post=4509"},{"taxonomy":"product_cat","embeddable":true,"href":"https:\/\/buecher-waltraudberg.de\/shop2\/wp-json\/wp\/v2\/product_cat?post=4509"},{"taxonomy":"product_tag","embeddable":true,"href":"https:\/\/buecher-waltraudberg.de\/shop2\/wp-json\/wp\/v2\/product_tag?post=4509"}],"curies":[{"name":"wp","href":"https:\/\/api.w.org\/{rel}","templated":true}]}}