{"id":4512,"date":"2023-07-20T01:24:43","date_gmt":"2023-07-19T23:24:43","guid":{"rendered":"https:\/\/buecher-waltraudberg.de\/shop2\/?post_type=product&#038;p=4512"},"modified":"2023-07-24T11:35:54","modified_gmt":"2023-07-24T09:35:54","slug":"die-freunde-vom-zirkus-papamanius-hoerbuch-ohne-button","status":"publish","type":"product","link":"https:\/\/buecher-waltraudberg.de\/shop2\/produkt\/die-freunde-vom-zirkus-papamanius-hoerbuch-ohne-button\/","title":{"rendered":"Die Freunde vom Zirkus Papamanius &#8211; H\u00f6rbuch"},"content":{"rendered":"","protected":false},"excerpt":{"rendered":"<p>Spannendes Jugendbuch<\/p>\n<p>Drei Freunde werden in einer Unterf\u00fchrung Zeuge eines \u00dcberfalls. Sie beweisen Mut und Zivilcourage. Doch die Situation droht lebensgef\u00e4hrlich zu werden \u2026<\/p>\n","protected":false},"featured_media":4481,"template":"","meta":[],"product_brand":[],"product_cat":[117],"product_tag":[119],"class_list":{"0":"post-4512","1":"product","2":"type-product","3":"status-publish","4":"has-post-thumbnail","6":"product_cat-hoerbuecher","7":"product_tag-ohnebutton","9":"first","10":"instock","11":"downloadable","12":"shipping-taxable","13":"purchasable","14":"product-type-simple"},"_links":{"self":[{"href":"https:\/\/buecher-waltraudberg.de\/shop2\/wp-json\/wp\/v2\/product\/4512","targetHints":{"allow":["GET"]}}],"collection":[{"href":"https:\/\/buecher-waltraudberg.de\/shop2\/wp-json\/wp\/v2\/product"}],"about":[{"href":"https:\/\/buecher-waltraudberg.de\/shop2\/wp-json\/wp\/v2\/types\/product"}],"wp:featuredmedia":[{"embeddable":true,"href":"https:\/\/buecher-waltraudberg.de\/shop2\/wp-json\/wp\/v2\/media\/4481"}],"wp:attachment":[{"href":"https:\/\/buecher-waltraudberg.de\/shop2\/wp-json\/wp\/v2\/media?parent=4512"}],"wp:term":[{"taxonomy":"product_brand","embeddable":true,"href":"https:\/\/buecher-waltraudberg.de\/shop2\/wp-json\/wp\/v2\/product_brand?post=4512"},{"taxonomy":"product_cat","embeddable":true,"href":"https:\/\/buecher-waltraudberg.de\/shop2\/wp-json\/wp\/v2\/product_cat?post=4512"},{"taxonomy":"product_tag","embeddable":true,"href":"https:\/\/buecher-waltraudberg.de\/shop2\/wp-json\/wp\/v2\/product_tag?post=4512"}],"curies":[{"name":"wp","href":"https:\/\/api.w.org\/{rel}","templated":true}]}}