{"id":4516,"date":"2023-07-20T01:23:59","date_gmt":"2023-07-19T23:23:59","guid":{"rendered":"https:\/\/buecher-waltraudberg.de\/shop2\/?post_type=product&#038;p=4516"},"modified":"2023-07-24T11:30:47","modified_gmt":"2023-07-24T09:30:47","slug":"die-freunde-vom-zirkus-papamanius-auf-dem-weg-ins-leben-hoerbuch-ohne-button","status":"publish","type":"product","link":"https:\/\/buecher-waltraudberg.de\/shop2\/produkt\/die-freunde-vom-zirkus-papamanius-auf-dem-weg-ins-leben-hoerbuch-ohne-button\/","title":{"rendered":"Die Freunde vom Zirkus Papamanius<br>&#8211; Auf dem Weg ins Leben &#8211; H\u00f6rbuch"},"content":{"rendered":"","protected":false},"excerpt":{"rendered":"<p>Spannendes Jugendbuch<\/p>\n<p>Der letzte Teil der Jugendbuchreihe begleitet die Protagonisten auf ihrem Weg ins Berufsleben. Die Freunde m\u00fcssen sich den neuen Herausforderungen des Alltags stellen und wachsen gemeinsam \u00fcber sich hinaus auf dem Weg in eine selbst bestimme und gl\u00fcckliche Zukunft.<\/p>\n","protected":false},"featured_media":4483,"template":"","meta":[],"product_brand":[],"product_cat":[117],"product_tag":[119],"class_list":{"0":"post-4516","1":"product","2":"type-product","3":"status-publish","4":"has-post-thumbnail","6":"product_cat-hoerbuecher","7":"product_tag-ohnebutton","9":"first","10":"instock","11":"downloadable","12":"shipping-taxable","13":"purchasable","14":"product-type-simple"},"_links":{"self":[{"href":"https:\/\/buecher-waltraudberg.de\/shop2\/wp-json\/wp\/v2\/product\/4516","targetHints":{"allow":["GET"]}}],"collection":[{"href":"https:\/\/buecher-waltraudberg.de\/shop2\/wp-json\/wp\/v2\/product"}],"about":[{"href":"https:\/\/buecher-waltraudberg.de\/shop2\/wp-json\/wp\/v2\/types\/product"}],"wp:featuredmedia":[{"embeddable":true,"href":"https:\/\/buecher-waltraudberg.de\/shop2\/wp-json\/wp\/v2\/media\/4483"}],"wp:attachment":[{"href":"https:\/\/buecher-waltraudberg.de\/shop2\/wp-json\/wp\/v2\/media?parent=4516"}],"wp:term":[{"taxonomy":"product_brand","embeddable":true,"href":"https:\/\/buecher-waltraudberg.de\/shop2\/wp-json\/wp\/v2\/product_brand?post=4516"},{"taxonomy":"product_cat","embeddable":true,"href":"https:\/\/buecher-waltraudberg.de\/shop2\/wp-json\/wp\/v2\/product_cat?post=4516"},{"taxonomy":"product_tag","embeddable":true,"href":"https:\/\/buecher-waltraudberg.de\/shop2\/wp-json\/wp\/v2\/product_tag?post=4516"}],"curies":[{"name":"wp","href":"https:\/\/api.w.org\/{rel}","templated":true}]}}