{"id":4520,"date":"2023-07-20T01:29:55","date_gmt":"2023-07-19T23:29:55","guid":{"rendered":"https:\/\/buecher-waltraudberg.de\/shop2\/?post_type=product&#038;p=4520"},"modified":"2025-04-02T18:17:33","modified_gmt":"2025-04-02T16:17:33","slug":"simbatius-erzaehlt-von-seinem-hundeleben-hoerbuch","status":"publish","type":"product","link":"https:\/\/buecher-waltraudberg.de\/shop2\/produkt\/simbatius-erzaehlt-von-seinem-hundeleben-hoerbuch\/","title":{"rendered":"Simbatius erz\u00e4hlt von seinem Hundeleben &#8211; H\u00f6rbuch"},"content":{"rendered":"","protected":false},"excerpt":{"rendered":"<p>Wenn Sie schon immer einmal wissen wollten, was Hunde wirklich denken und f\u00fchlen, ist dieses Buch von Waltraud Berg genau das Richtige f\u00fcr Sie! Denn Hunde sind intelligente und empathische Lebewesen, die oft untersch\u00e4tzt werden. Der kleine Golden Retriever Welpe Simbatius muss mit 8 Wochen seine Z\u00fcchterfamilie verlassen und sich an sein neues Zuhause erst noch gew\u00f6hnen. Alles ist neu und ungewohnt. Jeder Tag h\u00e4lt neue \u00dcberraschungen f\u00fcr ihn bereit. Aus der Sicht von Simbatius erz\u00e4hlt die seit ihrer Kindheit hundeerfahrene Autorin wie es dem kleinen Welpen ergeht, was er f\u00fchlt, beobachtet und denkt. Simbatius trifft immer wieder auf andere Hunde aus der Nachbarschaft mit denen er sich anfreundet, herumtobt und zur Hundeschule geht. Viel Wissenwertes wird auf humorvolle und witzige Art in diesem kurzweiligen Buch vermittelt. Waltraud Berg ist eine Hundeliebhaberin, die mit ihrem Boxer Fergo von Santana, Internationaler Deckr\u00fcde und Vater von 260 Welpen, schon viele Pokale gewonnen hat.<\/p>\n","protected":false},"featured_media":4487,"template":"","meta":[],"product_brand":[],"product_cat":[117],"product_tag":[],"class_list":{"0":"post-4520","1":"product","2":"type-product","3":"status-publish","4":"has-post-thumbnail","6":"product_cat-hoerbuecher","8":"first","9":"instock","10":"downloadable","11":"shipping-taxable","12":"purchasable","13":"product-type-simple"},"_links":{"self":[{"href":"https:\/\/buecher-waltraudberg.de\/shop2\/wp-json\/wp\/v2\/product\/4520","targetHints":{"allow":["GET"]}}],"collection":[{"href":"https:\/\/buecher-waltraudberg.de\/shop2\/wp-json\/wp\/v2\/product"}],"about":[{"href":"https:\/\/buecher-waltraudberg.de\/shop2\/wp-json\/wp\/v2\/types\/product"}],"wp:featuredmedia":[{"embeddable":true,"href":"https:\/\/buecher-waltraudberg.de\/shop2\/wp-json\/wp\/v2\/media\/4487"}],"wp:attachment":[{"href":"https:\/\/buecher-waltraudberg.de\/shop2\/wp-json\/wp\/v2\/media?parent=4520"}],"wp:term":[{"taxonomy":"product_brand","embeddable":true,"href":"https:\/\/buecher-waltraudberg.de\/shop2\/wp-json\/wp\/v2\/product_brand?post=4520"},{"taxonomy":"product_cat","embeddable":true,"href":"https:\/\/buecher-waltraudberg.de\/shop2\/wp-json\/wp\/v2\/product_cat?post=4520"},{"taxonomy":"product_tag","embeddable":true,"href":"https:\/\/buecher-waltraudberg.de\/shop2\/wp-json\/wp\/v2\/product_tag?post=4520"}],"curies":[{"name":"wp","href":"https:\/\/api.w.org\/{rel}","templated":true}]}}