{"id":4522,"date":"2023-07-20T01:33:23","date_gmt":"2023-07-19T23:33:23","guid":{"rendered":"https:\/\/buecher-waltraudberg.de\/shop2\/?post_type=product&#038;p=4522"},"modified":"2025-01-08T02:07:32","modified_gmt":"2025-01-08T01:07:32","slug":"der-vogel-im-goldenen-kaefig-ebook","status":"publish","type":"product","link":"https:\/\/buecher-waltraudberg.de\/shop2\/produkt\/der-vogel-im-goldenen-kaefig-ebook\/","title":{"rendered":"Der Vogel im goldenen K\u00e4fig &#8211; ebook"},"content":{"rendered":"","protected":false},"excerpt":{"rendered":"<p>Faszinierender Roman<\/p>\n<p>Annabelle m\u00f6chte sich wieder frei und unbeschwert f\u00fchlen und mit Leichtigkeit durchs Leben gehen. Doch die letzten Jahrzehnte in der Ehe mit Bernhard haben ihre Spuren bei ihr hinterlassen. Aus diesem Grund m\u00f6chte sie sich genau wie im Jahr zuvor eine Auszeit in ihrem LieblingsWellness-Hotel g\u00f6nnen. Ob sie auch dieses Jahr wieder ihren interessanten, charmanten Urlaubsflirt treffen wird? Die ver\u00e4nderte Ausstrahlung seiner Frau bleibt auch Bernhard nicht verborgen. Ver\u00e4rgert plant er alleine eine dreiw\u00f6chige Reise nach Lanzarote. Als auch er sich im Urlaub in eine andere Frau verliebt, steht ihre Ehe komplett auf dem Spiel. Doch ein schwerer Unfall ver\u00e4ndert alles \u2026<br \/>\nSchaffen Annabelle und Bernhard eine gemeinsame, f\u00fcr beide erf\u00fcllende Zukunft zu gestalten oder zerbricht ihre Ehe jetzt komplett? Ein faszinierender Roman von Waltraud Berg \u00fcber den Mut, den Fesseln der Ehe und des Alltags zu entfliehen und welche Kraft daraus entstehen kann, wieder ein leidenschaftliches Leben zu f\u00fchren.<\/p>\n","protected":false},"featured_media":4478,"template":"","meta":[],"product_brand":[],"product_cat":[116],"product_tag":[],"class_list":{"0":"post-4522","1":"product","2":"type-product","3":"status-publish","4":"has-post-thumbnail","6":"product_cat-ebooks","8":"first","9":"instock","10":"downloadable","11":"shipping-taxable","12":"purchasable","13":"product-type-simple"},"_links":{"self":[{"href":"https:\/\/buecher-waltraudberg.de\/shop2\/wp-json\/wp\/v2\/product\/4522","targetHints":{"allow":["GET"]}}],"collection":[{"href":"https:\/\/buecher-waltraudberg.de\/shop2\/wp-json\/wp\/v2\/product"}],"about":[{"href":"https:\/\/buecher-waltraudberg.de\/shop2\/wp-json\/wp\/v2\/types\/product"}],"wp:featuredmedia":[{"embeddable":true,"href":"https:\/\/buecher-waltraudberg.de\/shop2\/wp-json\/wp\/v2\/media\/4478"}],"wp:attachment":[{"href":"https:\/\/buecher-waltraudberg.de\/shop2\/wp-json\/wp\/v2\/media?parent=4522"}],"wp:term":[{"taxonomy":"product_brand","embeddable":true,"href":"https:\/\/buecher-waltraudberg.de\/shop2\/wp-json\/wp\/v2\/product_brand?post=4522"},{"taxonomy":"product_cat","embeddable":true,"href":"https:\/\/buecher-waltraudberg.de\/shop2\/wp-json\/wp\/v2\/product_cat?post=4522"},{"taxonomy":"product_tag","embeddable":true,"href":"https:\/\/buecher-waltraudberg.de\/shop2\/wp-json\/wp\/v2\/product_tag?post=4522"}],"curies":[{"name":"wp","href":"https:\/\/api.w.org\/{rel}","templated":true}]}}